{"id":7,"date":"2025-11-27T10:16:34","date_gmt":"2025-11-27T10:16:34","guid":{"rendered":"https:\/\/apocalypse-catholique.fr\/www\/?page_id=7"},"modified":"2025-11-28T23:00:07","modified_gmt":"2025-11-28T23:00:07","slug":"elementor-7","status":"publish","type":"page","link":"https:\/\/apocalypse-catholique.fr\/www\/","title":{"rendered":"Accueil"},"content":{"rendered":"\t\t<div data-elementor-type=\"wp-post\" data-elementor-id=\"7\" class=\"elementor elementor-7\">\n\t\t\t\t<div class=\"elementor-element elementor-element-db72eee e-flex e-con-boxed e-con e-parent\" data-id=\"db72eee\" data-element_type=\"container\">\n\t\t\t\t\t<div class=\"e-con-inner\">\n\t\t\t\t<div class=\"elementor-element elementor-element-352c09f elementor-widget elementor-widget-heading\" data-id=\"352c09f\" data-element_type=\"widget\" data-widget_type=\"heading.default\">\n\t\t\t\t\t<h2 class=\"elementor-heading-title elementor-size-default\">Apocalypse Catholique<\/h2>\t\t\t\t<\/div>\n\t\t\t\t\t<\/div>\n\t\t\t\t<\/div>\n\t\t<div class=\"elementor-element elementor-element-eb35586 e-flex e-con-boxed e-con e-parent\" data-id=\"eb35586\" data-element_type=\"container\">\n\t\t\t\t\t<div class=\"e-con-inner\">\n\t\t\t\t<div class=\"elementor-element elementor-element-d74f895 elementor-widget elementor-widget-heading\" data-id=\"d74f895\" data-element_type=\"widget\" data-widget_type=\"heading.default\">\n\t\t\t\t\t<h2 class=\"elementor-heading-title elementor-size-default\">Site en construction<\/h2>\t\t\t\t<\/div>\n\t\t\t\t\t<\/div>\n\t\t\t\t<\/div>\n\t\t<div class=\"elementor-element elementor-element-a5493f2 e-flex e-con-boxed e-con e-parent\" data-id=\"a5493f2\" data-element_type=\"container\">\n\t\t\t\t\t<div class=\"e-con-inner\">\n\t\t\t\t<div class=\"elementor-element elementor-element-ad09a62 elementor-widget elementor-widget-button\" data-id=\"ad09a62\" data-element_type=\"widget\" data-widget_type=\"button.default\">\n\t\t\t\t\t\t\t\t\t\t<a class=\"elementor-button elementor-button-link elementor-size-sm\" href=\"#\">\n\t\t\t\t\t\t<span class=\"elementor-button-content-wrapper\">\n\t\t\t\t\t\t\t\t\t<span class=\"elementor-button-text\">Accueil<\/span>\n\t\t\t\t\t<\/span>\n\t\t\t\t\t<\/a>\n\t\t\t\t\t\t\t\t<\/div>\n\t\t\t\t<div class=\"elementor-element elementor-element-ed53584 elementor-widget elementor-widget-button\" data-id=\"ed53584\" data-element_type=\"widget\" data-widget_type=\"button.default\">\n\t\t\t\t\t\t\t\t\t\t<a class=\"elementor-button elementor-button-link elementor-size-sm\" href=\"#\">\n\t\t\t\t\t\t<span class=\"elementor-button-content-wrapper\">\n\t\t\t\t\t\t\t\t\t<span class=\"elementor-button-text\">Articles<\/span>\n\t\t\t\t\t<\/span>\n\t\t\t\t\t<\/a>\n\t\t\t\t\t\t\t\t<\/div>\n\t\t\t\t<div class=\"elementor-element elementor-element-85d83b9 elementor-widget elementor-widget-button\" data-id=\"85d83b9\" data-element_type=\"widget\" data-widget_type=\"button.default\">\n\t\t\t\t\t\t\t\t\t\t<a class=\"elementor-button elementor-button-link elementor-size-sm\" href=\"#\">\n\t\t\t\t\t\t<span class=\"elementor-button-content-wrapper\">\n\t\t\t\t\t\t\t\t\t<span class=\"elementor-button-text\">Vid\u00e9os<\/span>\n\t\t\t\t\t<\/span>\n\t\t\t\t\t<\/a>\n\t\t\t\t\t\t\t\t<\/div>\n\t\t\t\t<div class=\"elementor-element elementor-element-94d1c9e elementor-widget elementor-widget-button\" data-id=\"94d1c9e\" data-element_type=\"widget\" data-widget_type=\"button.default\">\n\t\t\t\t\t\t\t\t\t\t<a class=\"elementor-button elementor-button-link elementor-size-sm\" href=\"#\">\n\t\t\t\t\t\t<span class=\"elementor-button-content-wrapper\">\n\t\t\t\t\t\t\t\t\t<span class=\"elementor-button-text\">Documents<\/span>\n\t\t\t\t\t<\/span>\n\t\t\t\t\t<\/a>\n\t\t\t\t\t\t\t\t<\/div>\n\t\t\t\t<div class=\"elementor-element elementor-element-c9fbb7e elementor-widget elementor-widget-button\" data-id=\"c9fbb7e\" data-element_type=\"widget\" data-widget_type=\"button.default\">\n\t\t\t\t\t\t\t\t\t\t<a class=\"elementor-button elementor-button-link elementor-size-sm\" href=\"#\">\n\t\t\t\t\t\t<span class=\"elementor-button-content-wrapper\">\n\t\t\t\t\t\t\t\t\t<span class=\"elementor-button-text\">Contact<\/span>\n\t\t\t\t\t<\/span>\n\t\t\t\t\t<\/a>\n\t\t\t\t\t\t\t\t<\/div>\n\t\t\t\t\t<\/div>\n\t\t\t\t<\/div>\n\t\t<div class=\"elementor-element elementor-element-bd2894b e-flex e-con-boxed e-con e-parent\" data-id=\"bd2894b\" data-element_type=\"container\">\n\t\t\t\t\t<div class=\"e-con-inner\">\n\t\t\t\t<div class=\"elementor-element elementor-element-7210942 elementor-widget elementor-widget-image\" data-id=\"7210942\" data-element_type=\"widget\" data-widget_type=\"image.default\">\n\t\t\t\t\t\t\t\t\t\t\t\t\t\t\t<img fetchpriority=\"high\" decoding=\"async\" width=\"718\" height=\"291\" src=\"https:\/\/apocalypse-catholique.fr\/www\/wp-content\/uploads\/2025\/11\/ValleeLarmes_black_white.jpg\" class=\"attachment-large size-large wp-image-17\" alt=\"\" srcset=\"https:\/\/apocalypse-catholique.fr\/www\/wp-content\/uploads\/2025\/11\/ValleeLarmes_black_white.jpg 718w, https:\/\/apocalypse-catholique.fr\/www\/wp-content\/uploads\/2025\/11\/ValleeLarmes_black_white-300x122.jpg 300w\" sizes=\"(max-width: 718px) 100vw, 718px\" \/>\t\t\t\t\t\t\t\t\t\t\t\t\t\t\t<\/div>\n\t\t\t\t\t<\/div>\n\t\t\t\t<\/div>\n\t\t<div class=\"elementor-element elementor-element-f838f91 e-flex e-con-boxed e-con e-parent\" data-id=\"f838f91\" data-element_type=\"container\">\n\t\t\t\t\t<div class=\"e-con-inner\">\n\t\t\t\t<div class=\"elementor-element elementor-element-e1d349d elementor-widget elementor-widget-text-editor\" data-id=\"e1d349d\" data-element_type=\"widget\" data-widget_type=\"text-editor.default\">\n\t\t\t\t\t\t\t\t\t<p>Ce site a pour objectif de d\u00e9fendre la v\u00e9ritable doctrine catholique contre le modernisme de Vatican II, le s\u00e9d\u00e9vacantisme, et toute forme d&#8217;h\u00e9r\u00e9sie. En s&#8217;appuyant sur la Bible et sur le Magist\u00e8re de l&#8217;Eglise Catholique, il a pour vocation de d\u00e9montrer qu&#8217;\u00eatre catholique aujourd&#8217;hui consiste \u00e0 vivre sa foi en dehors de la fausse Eglise conciliaire du conciliabule Vatican II, et de toute secte s\u00e9d\u00e9vacantiste, h\u00e9r\u00e9tique ou schismatique quelconque, selon les principes de Saint Vincent de L\u00e9rins :<\/p>\t\t\t\t\t\t\t\t<\/div>\n\t\t\t\t\t<\/div>\n\t\t\t\t<\/div>\n\t\t<div class=\"elementor-element elementor-element-cdcf757 e-flex e-con-boxed e-con e-parent\" data-id=\"cdcf757\" data-element_type=\"container\">\n\t\t\t\t\t<div class=\"e-con-inner\">\n\t\t\t\t<div class=\"elementor-element elementor-element-d3a1efb elementor-widget elementor-widget-text-editor\" data-id=\"d3a1efb\" data-element_type=\"widget\" data-widget_type=\"text-editor.default\">\n\t\t\t\t\t\t\t\t\t<p>\u00ab Et encore, si quelque contagion nouvelle s&#8217;efforce d&#8217;empoisonner, non plus seulement une petite partie de l&#8217;\u00c9glise, <strong>mais l&#8217;\u00c9glise tout enti\u00e8re \u00e0 la fois<\/strong> ? \u2013 Dans ce cas aussi, son grand souci [au chr\u00e9tien catholique] sera de s&#8217;attacher \u00e0 l&#8217;antiquit\u00e9, qui, \u00e9videmment, ne peut plus \u00eatre s\u00e9duite par une nouveaut\u00e9 mensong\u00e8re, quelle qu&#8217;elle soit. \u00bb<\/p><p>Commonitorium de Saint Vincent de L\u00e9rins, III. 2<\/p>\t\t\t\t\t\t\t\t<\/div>\n\t\t\t\t<div class=\"elementor-element elementor-element-9a06164 elementor-widget elementor-widget-text-editor\" data-id=\"9a06164\" data-element_type=\"widget\" data-widget_type=\"text-editor.default\">\n\t\t\t\t\t\t\t\t\t<p>Nous d\u00e9fendons que toute personne se r\u00e9clamant catholique doit reconna\u00eetre dans les faits contemporains les signes de la fin des temps, et non pas rejeter la r\u00e9alit\u00e9 en partant du postulat inverse. L&#8217;abomination de la d\u00e9solation est parvenue dans le lieu saint. Il n&#8217;y a plus de pape depuis Pie XII, car ce sont des usurpateurs h\u00e9r\u00e9siarques qui sont assis sur la chaire de Saint Pierre.<\/p>\t\t\t\t\t\t\t\t<\/div>\n\t\t\t\t<div class=\"elementor-element elementor-element-c05c0bd elementor-widget elementor-widget-text-editor\" data-id=\"c05c0bd\" data-element_type=\"widget\" data-widget_type=\"text-editor.default\">\n\t\t\t\t\t\t\t\t\t<div class=\"verse list-group chapter-content\">\u00ab <em><strong>Lorsque vous verrez l&#8217;abomination de la d\u00e9solation \u00e9tablie o\u00f9 elle ne doit pas \u00eatre<\/strong>, \u2014que celui qui lit, comprenne!\u2014 alors que ceux qui seront en Jud\u00e9e s&#8217;enfuient dans les montagnes. [&#8230;] Car il y aura, en ces jours, des tribulations telles qu&#8217;il n&#8217;y en a point eu depuis le commencement du monde, que Dieu a cr\u00e9\u00e9, jusqu&#8217;\u00e0 pr\u00e9sent, et qu&#8217;il n&#8217;y en aura jamais. Et si le Seigneur n&#8217;avait abr\u00e9g\u00e9 ces jours, nul homme ne serait sauv\u00e9; mais il les a abr\u00e9g\u00e9s \u00e0 cause des \u00e9lus qu&#8217;il a choisis. <strong>Si quelqu&#8217;un vous dit alors: Le Christ est ici, il est l\u00e0, ne le croyez point.<\/strong> Car il s&#8217;\u00e9l\u00e8vera de faux christs et de faux proph\u00e8tes, et ils feront des signes et des prodiges, jusqu&#8217;\u00e0 s\u00e9duire, s&#8217;il se pouvait, les \u00e9lus m\u00eames. Pour vous, prenez garde! \u00bb<\/em><\/div>\t\t\t\t\t\t\t\t<\/div>\n\t\t\t\t<div class=\"elementor-element elementor-element-5e8664c elementor-widget elementor-widget-text-editor\" data-id=\"5e8664c\" data-element_type=\"widget\" data-widget_type=\"text-editor.default\">\n\t\t\t\t\t\t\t\t\t<p>L&#8217;Eglise a \u00e9t\u00e9 \u00e9clips\u00e9e comme annonc\u00e9 par Notre-Dame de la Salette. Apparition compl\u00e9t\u00e9e notamment par la vision de L\u00e9on XIII du pouvoir donn\u00e9 \u00e0 Satan sur l&#8217;Eglise, et qui a pouss\u00e9 le souverain Pontife \u00e0 mettre en place son exorcisme. Exorcisme retir\u00e9 par Montini-Paul VI&#8230;<\/p>\t\t\t\t\t\t\t\t<\/div>\n\t\t\t\t<div class=\"elementor-element elementor-element-47fd944 elementor-widget elementor-widget-text-editor\" data-id=\"47fd944\" data-element_type=\"widget\" data-widget_type=\"text-editor.default\">\n\t\t\t\t\t\t\t\t\t<p>\u00ab <strong>Rome perdra la foi<\/strong> et deviendra le si\u00e8ge de l\u2019ant\u00e9christ. [&#8230;] <strong>L\u2019Eglise sera \u00e9clips\u00e9e<\/strong>, le monde sera dans la consternation. \u00bb<\/p><p>Texte complet et non moins authentique du secret de la Salette, 1879, par M\u00e9lanie Calvat<\/p>\t\t\t\t\t\t\t\t<\/div>\n\t\t\t\t<div class=\"elementor-element elementor-element-13c9700 elementor-widget elementor-widget-text-editor\" data-id=\"13c9700\" data-element_type=\"widget\" data-widget_type=\"text-editor.default\">\n\t\t\t\t\t\t\t\t\t<p>En l&#8217;absence de Pape, il n&#8217;est pas possible d&#8217;avoir de nouveaux \u00e9v\u00eaques, et tous ceux qui \u00e9taient en place ont apostasi\u00e9 en reconnaissant les h\u00e9r\u00e9sies de Vatican II. Ne soyons pas surpris : Cette apostasie avait \u00e9t\u00e9 annonc\u00e9e par Saint Paul dans sa lettre au Thessaloniciens. Dieu met \u00e0 l&#8217;\u00e9preuve notre foi, notre amour pour Lui, pour Sa v\u00e9rit\u00e9. Car nous devons L&#8217;aimer plus que les sacrements, plus que les messes, plus que nos communaut\u00e9s.<\/p>\t\t\t\t\t\t\t\t<\/div>\n\t\t\t\t<div class=\"elementor-element elementor-element-e1ea12e elementor-widget elementor-widget-text-editor\" data-id=\"e1ea12e\" data-element_type=\"widget\" data-widget_type=\"text-editor.default\">\n\t\t\t\t\t\t\t\t\t<p>Chers lecteurs, nous ne vous demandons pas de nous croire sur paroles, nous qui ne sommes rien. <strong>\u200b<\/strong>Mais lisez le magist\u00e8re de l&#8217;Eglise constant, voyez l&#8217;abandon de cette doctrine bi-mill\u00e9naire dont l&#8217;auteur est J\u00e9sus-Christ, et tirez-en les conclusions qui s&#8217;imposent.<strong>\u200b <\/strong>Votre devoir de chr\u00e9tien vous l&#8217;impose :<\/p><p><em>\u00ab <\/em><strong data-start=\"284\" data-end=\"551\">Nous d\u00e9clarons que le premier devoir de tous les chr\u00e9tiens est de conna\u00eetre les v\u00e9rit\u00e9s de la foi chr\u00e9tienne et les enseignements du Christ. \u00bb <\/strong>\u2014 <em data-start=\"558\" data-end=\"585\">Saint Pie X, Acerbo Nimis<\/em>, 15 avril 1905<\/p><p>Ce qui r\u00e9pond parfaitement au premier commandement du Seigneur :<\/p><p><em>\u00ab Tu aimeras le Seigneur, ton Dieu, de tout ton c\u0153ur, de toute ton \u00e2me, de <strong>toute ta pens\u00e9e<\/strong>, et de toute ta force. <\/em>\u00bb \u2014 Marc 12:30<\/p><p>Ce site a pour but de vous mettre \u00e0 disposition toutes les ressources dont vous aurez besoin pour \u00eatre convaincus du bien-fond\u00e9 de ces conclusions et vous faire gagner un temps pr\u00e9cieux pour votre conversion et celles de vos proches.<\/p><p><span style=\"text-decoration: underline;\">Que Dieu vous b\u00e9nisse.<\/span><\/p>\t\t\t\t\t\t\t\t<\/div>\n\t\t\t\t\t<\/div>\n\t\t\t\t<\/div>\n\t\t<div class=\"elementor-element elementor-element-be38736 e-flex e-con-boxed e-con e-parent\" data-id=\"be38736\" data-element_type=\"container\">\n\t\t\t\t\t<div class=\"e-con-inner\">\n\t\t\t\t\t<\/div>\n\t\t\t\t<\/div>\n\t\t<div class=\"elementor-element elementor-element-0c65bdb e-flex e-con-boxed e-con e-parent\" data-id=\"0c65bdb\" data-element_type=\"container\">\n\t\t\t\t\t<div class=\"e-con-inner\">\n\t\t\t\t\t<\/div>\n\t\t\t\t<\/div>\n\t\t\t\t<\/div>\n\t\t","protected":false},"excerpt":{"rendered":"<p>Apocalypse Catholique Site en construction Accueil Articles Vid\u00e9os Documents Contact Ce site a pour objectif de d\u00e9fendre la v\u00e9ritable doctrine catholique contre le modernisme de Vatican II, le s\u00e9d\u00e9vacantisme, et toute forme d&#8217;h\u00e9r\u00e9sie. En s&#8217;appuyant sur la Bible et sur le Magist\u00e8re de l&#8217;Eglise Catholique, il a pour vocation de d\u00e9montrer qu&#8217;\u00eatre catholique aujourd&#8217;hui consiste [&hellip;]<\/p>\n","protected":false},"author":1,"featured_media":0,"parent":0,"menu_order":0,"comment_status":"closed","ping_status":"closed","template":"elementor_canvas","meta":{"footnotes":""},"class_list":["post-7","page","type-page","status-publish","hentry"],"_links":{"self":[{"href":"https:\/\/apocalypse-catholique.fr\/www\/index.php?rest_route=\/wp\/v2\/pages\/7","targetHints":{"allow":["GET"]}}],"collection":[{"href":"https:\/\/apocalypse-catholique.fr\/www\/index.php?rest_route=\/wp\/v2\/pages"}],"about":[{"href":"https:\/\/apocalypse-catholique.fr\/www\/index.php?rest_route=\/wp\/v2\/types\/page"}],"author":[{"embeddable":true,"href":"https:\/\/apocalypse-catholique.fr\/www\/index.php?rest_route=\/wp\/v2\/users\/1"}],"replies":[{"embeddable":true,"href":"https:\/\/apocalypse-catholique.fr\/www\/index.php?rest_route=%2Fwp%2Fv2%2Fcomments&post=7"}],"version-history":[{"count":31,"href":"https:\/\/apocalypse-catholique.fr\/www\/index.php?rest_route=\/wp\/v2\/pages\/7\/revisions"}],"predecessor-version":[{"id":68,"href":"https:\/\/apocalypse-catholique.fr\/www\/index.php?rest_route=\/wp\/v2\/pages\/7\/revisions\/68"}],"wp:attachment":[{"href":"https:\/\/apocalypse-catholique.fr\/www\/index.php?rest_route=%2Fwp%2Fv2%2Fmedia&parent=7"}],"curies":[{"name":"wp","href":"https:\/\/api.w.org\/{rel}","templated":true}]}}